{"id":3889,"date":"2025-09-23T16:51:33","date_gmt":"2025-09-23T16:51:33","guid":{"rendered":"https:\/\/vomhausdanoia.es\/?page_id=3889"},"modified":"2026-03-04T16:15:05","modified_gmt":"2026-03-04T16:15:05","slug":"semental-para-montas","status":"publish","type":"page","link":"https:\/\/vomhausdanoia.es\/?page_id=3889","title":{"rendered":"SERVICIOS DE MONTA"},"content":{"rendered":"\n<h2 class=\"wp-block-heading\">\u00bfBuscas un criador para monta de pastor alem\u00e1n de linea de trabajo en Espa\u00f1a?<\/h2>\n\n\n\n<p>Ofrecemos un <mark style=\"background-color:rgba(0, 0, 0, 0)\" class=\"has-inline-color has-headings-color\">exclusivo servicio de montas<\/mark> para aquellos que buscan criar Pastores Alemanes de alta calidad y <mark style=\"background-color:rgba(0, 0, 0, 0)\" class=\"has-inline-color has-headings-color\">sin ning\u00fan tipo de problemas de salud<\/mark>.<\/p>\n\n\n\n<div style=\"height:30px\" aria-hidden=\"true\" class=\"wp-block-spacer\"><\/div>\n\n\n\n<figure class=\"wp-block-image size-large\"><img loading=\"lazy\" decoding=\"async\" width=\"804\" height=\"1024\" src=\"https:\/\/vomhausdanoia.es\/wp-content\/uploads\/2025\/09\/arthur-vertical-804x1024.jpg\" alt=\"\" class=\"wp-image-3898\" srcset=\"https:\/\/vomhausdanoia.es\/wp-content\/uploads\/2025\/09\/arthur-vertical-804x1024.jpg 804w, https:\/\/vomhausdanoia.es\/wp-content\/uploads\/2025\/09\/arthur-vertical-236x300.jpg 236w, https:\/\/vomhausdanoia.es\/wp-content\/uploads\/2025\/09\/arthur-vertical-768x978.jpg 768w, https:\/\/vomhausdanoia.es\/wp-content\/uploads\/2025\/09\/arthur-vertical.jpg 866w\" sizes=\"auto, (max-width: 804px) 100vw, 804px\" \/><\/figure>\n\n\n\n<div style=\"height:30px\" aria-hidden=\"true\" class=\"wp-block-spacer\"><\/div>\n\n\n\n<hr class=\"wp-block-separator has-alpha-channel-opacity is-style-wide\"\/>\n\n\n\n<div style=\"height:30px\" aria-hidden=\"true\" class=\"wp-block-spacer\"><\/div>\n\n\n\n<p>Se pone a disposici\u00f3n nuestro semental <a href=\"https:\/\/www.working-dog.com\/dogs-details\/7728586\/Arthur-von-der-Eichberg-Ranch\" target=\"_blank\" rel=\"noreferrer noopener\">Arthur von der Eichberg-Ranch<\/a>, importado de Alemania, con pedigree <mark style=\"background-color:rgba(0, 0, 0, 0)\" class=\"has-inline-color has-headings-color\">100%DDR<\/mark> y todas las pruebas de salud y gen\u00e9ticas realizadas.<\/p>\n\n\n\n<p><a href=\"https:\/\/www.working-dog.com\/dogs-details\/7728586\/Arthur-von-der-Eichberg-Ranch\" target=\"_blank\" rel=\"noreferrer noopener\">Arthur von der Eichberg-Ranch<\/a> est\u00e1 disponible para mejorar tu l\u00ednea de cr\u00eda, garantizando cachorros con excelente gen\u00e9tica y mejor temperamento. Inmensa calidad y linea de sangre limpia, sin endogamia.<\/p>\n\n\n\n<p>Gracias a nuestra amplia experiencia en el sector y amplios conocimientos como criadores, podemos garantizar una exitosa gestaci\u00f3n y un adecuado embarazo<\/p>\n\n\n\n<div style=\"height:30px\" aria-hidden=\"true\" class=\"wp-block-spacer\"><\/div>\n\n\n\n<hr class=\"wp-block-separator has-alpha-channel-opacity is-style-wide\"\/>\n\n\n\n<div style=\"height:30px\" aria-hidden=\"true\" class=\"wp-block-spacer\"><\/div>\n\n\n\n<h2 class=\"wp-block-heading\"><strong>ENV\u00cdO DE SEMEN:<\/strong><\/h2>\n\n\n\n<p>El <mark style=\"background-color:rgba(0, 0, 0, 0)\" class=\"has-inline-color has-headings-color\"><strong>env\u00edo de semen <\/strong><\/mark>de <a href=\"https:\/\/www.working-dog.com\/dogs-details\/7728586\/Arthur-von-der-Eichberg-Ranch\" target=\"_blank\" rel=\"noreferrer noopener\">Arthur von der Eichberg-Ranch<\/a> a todo el territorio espa\u00f1ol <mark style=\"background-color:rgba(0, 0, 0, 0)\" class=\"has-inline-color has-headings-color\">se realiza en un plazo de 24 horas<\/mark>.<\/p>\n\n\n\n<p>Todas las muestras enviadas est\u00e1n certificadas, por lo que si la hembra no quedara gestante o se reabsorvieran los embriones, no reenviaremos m\u00e1s muestras si no es de nuevo a su cargo.<\/p>\n\n\n\n<p>El criador no se hace responsable de los posibles riesgos que conlleva una gestaci\u00f3n.<\/p>\n\n\n\n<div style=\"height:30px\" aria-hidden=\"true\" class=\"wp-block-spacer\"><\/div>\n\n\n\n<figure class=\"wp-block-image size-large\"><img loading=\"lazy\" decoding=\"async\" width=\"1024\" height=\"683\" src=\"https:\/\/vomhausdanoia.es\/wp-content\/uploads\/2024\/10\/ARTHUR08-1024x683.jpg\" alt=\"\" class=\"wp-image-2956\" srcset=\"https:\/\/vomhausdanoia.es\/wp-content\/uploads\/2024\/10\/ARTHUR08-1024x683.jpg 1024w, https:\/\/vomhausdanoia.es\/wp-content\/uploads\/2024\/10\/ARTHUR08-300x200.jpg 300w, https:\/\/vomhausdanoia.es\/wp-content\/uploads\/2024\/10\/ARTHUR08-768x512.jpg 768w, https:\/\/vomhausdanoia.es\/wp-content\/uploads\/2024\/10\/ARTHUR08-1536x1024.jpg 1536w, https:\/\/vomhausdanoia.es\/wp-content\/uploads\/2024\/10\/ARTHUR08-2048x1365.jpg 2048w, https:\/\/vomhausdanoia.es\/wp-content\/uploads\/2024\/10\/ARTHUR08-281x187.jpg 281w\" sizes=\"auto, (max-width: 1024px) 100vw, 1024px\" \/><\/figure>\n\n\n\n<div style=\"height:30px\" aria-hidden=\"true\" class=\"wp-block-spacer\"><\/div>\n\n\n\n<hr class=\"wp-block-separator has-alpha-channel-opacity is-style-wide\"\/>\n\n\n\n<div style=\"height:30px\" aria-hidden=\"true\" class=\"wp-block-spacer\"><\/div>\n\n\n\n<p><a href=\"https:\/\/www.working-dog.com\/dogs-details\/7728586\/Arthur-von-der-Eichberg-Ranch\" target=\"_blank\" rel=\"noreferrer noopener\">Arthur von der Eichberg-Ranch<\/a>,<\/p>\n\n\n\n<p>Es un pastor alem\u00e1n de tama\u00f1o grande, muy fuerte y corpulento, de apariencia r\u00fastica, funcional y activo.<br>Muy expresivo y atento, sociable, equilibrado y cari\u00f1oso, con un car\u00e1cter seguro y excepcional.Su paso es correcto, con muy buen movimiento y una gran zancada y salto.<br>El pelaje es corto y la pigmentaci\u00f3n de la capa es de color PARDO, muy intensa y oscura.<\/p>\n\n\n\n<hr class=\"wp-block-separator has-alpha-channel-opacity is-style-wide\"\/>\n\n\n\n<p><strong>Consulte informaci\u00f3n<\/strong> sobre disponibilidad de nuestro semental para la fecha que precise poni\u00e9ndose en contacto con nosotros para reservar fechas y poder asegurarse el macho cuando lo necesite.<\/p>\n\n\n\n<div style=\"height:30px\" aria-hidden=\"true\" class=\"wp-block-spacer\"><\/div>\n\n\n\n<figure class=\"wp-block-image size-large\"><img loading=\"lazy\" decoding=\"async\" width=\"1024\" height=\"683\" src=\"https:\/\/vomhausdanoia.es\/wp-content\/uploads\/2024\/10\/ARTHUR_pequenas30-1024x683.jpg\" alt=\"\" class=\"wp-image-2958\" srcset=\"https:\/\/vomhausdanoia.es\/wp-content\/uploads\/2024\/10\/ARTHUR_pequenas30-1024x683.jpg 1024w, https:\/\/vomhausdanoia.es\/wp-content\/uploads\/2024\/10\/ARTHUR_pequenas30-300x200.jpg 300w, https:\/\/vomhausdanoia.es\/wp-content\/uploads\/2024\/10\/ARTHUR_pequenas30-768x512.jpg 768w, https:\/\/vomhausdanoia.es\/wp-content\/uploads\/2024\/10\/ARTHUR_pequenas30-281x187.jpg 281w, https:\/\/vomhausdanoia.es\/wp-content\/uploads\/2024\/10\/ARTHUR_pequenas30.jpg 1200w\" sizes=\"auto, (max-width: 1024px) 100vw, 1024px\" \/><\/figure>\n\n\n\n<div style=\"height:30px\" aria-hidden=\"true\" class=\"wp-block-spacer\"><\/div>\n\n\n\n<hr class=\"wp-block-separator has-alpha-channel-opacity is-style-wide\"\/>\n\n\n\n<div style=\"height:30px\" aria-hidden=\"true\" class=\"wp-block-spacer\"><\/div>\n\n\n\n<p><a href=\"https:\/\/www.working-dog.com\/dogs-details\/7728586\/Arthur-von-der-Eichberg-Ranch\" target=\"_blank\" rel=\"noreferrer noopener\">Arthur von der Eichberg-Ranch<\/a> est\u00e1 radiografiado y tiene todos los Certificados Oficiales:<\/p>\n\n\n\n<p>\u00b7 <strong>Displasia de Cadera<\/strong> \u00b7 Libre de Displasia de Cadera, Grado A<br>\u00b7 <strong>Displasia de Codos<\/strong> \u00b7 Libre de Displasia de Codos, Grado 0<br>\u00b7 <strong>Osteocondrosis Disecante<\/strong> (OCD) \u00b7 libre de OCD<br>\u00b7 adem\u00e1s, radiografiado de <strong>Columna Vertebral<\/strong><\/p>\n\n\n\n<p>Siguiendo las normas de la <strong>O.F.A.<\/strong> (Orthopedic Foundation for Animals), Reconocidos por la <strong>RSCE<\/strong> (Real Sociedad Canina de Espa\u00f1a), y por la<strong> FCI<\/strong> (F\u00e9d\u00e9ration Cynologique Internationale)<\/p>\n\n\n\n<p>\u00b7 <strong>EMBARK ADN TEST GEN\u00c9TICO<\/strong> \u00b7 <mark style=\"background-color:rgba(0, 0, 0, 0)\" class=\"has-inline-color has-headings-color\">Libre de m\u00e1s de 373 enfermedades cong\u00e9nitas o hereditarias<\/mark><br>\u00b7 <strong>ADN <\/strong>registrado en la Real Sociedad Canina Espa\u00f1ola (<strong>RSCE<\/strong>)<\/p>\n\n\n\n<div style=\"height:30px\" aria-hidden=\"true\" class=\"wp-block-spacer\"><\/div>\n\n\n\n<figure class=\"wp-block-image size-large\"><img loading=\"lazy\" decoding=\"async\" width=\"1024\" height=\"662\" src=\"https:\/\/vomhausdanoia.es\/wp-content\/uploads\/2026\/03\/results-arthur-1024x662.jpg\" alt=\"\" class=\"wp-image-4304\" srcset=\"https:\/\/vomhausdanoia.es\/wp-content\/uploads\/2026\/03\/results-arthur-1024x662.jpg 1024w, https:\/\/vomhausdanoia.es\/wp-content\/uploads\/2026\/03\/results-arthur-300x194.jpg 300w, https:\/\/vomhausdanoia.es\/wp-content\/uploads\/2026\/03\/results-arthur-768x496.jpg 768w, https:\/\/vomhausdanoia.es\/wp-content\/uploads\/2026\/03\/results-arthur-1536x993.jpg 1536w, https:\/\/vomhausdanoia.es\/wp-content\/uploads\/2026\/03\/results-arthur-2048x1324.jpg 2048w, https:\/\/vomhausdanoia.es\/wp-content\/uploads\/2026\/03\/results-arthur-281x182.jpg 281w\" sizes=\"auto, (max-width: 1024px) 100vw, 1024px\" \/><\/figure>\n\n\n\n<div style=\"height:30px\" aria-hidden=\"true\" class=\"wp-block-spacer\"><\/div>\n\n\n\n<hr class=\"wp-block-separator has-alpha-channel-opacity is-style-wide\"\/>\n\n\n\n<div style=\"height:30px\" aria-hidden=\"true\" class=\"wp-block-spacer\"><\/div>\n\n\n\n<p><a href=\"https:\/\/www.working-dog.com\/dogs-details\/7728586\/Arthur-von-der-Eichberg-Ranch\" target=\"_blank\" rel=\"noreferrer noopener\">Arthur von der Eichberg-Ranch<\/a> tambi\u00e9n se somete a <mark style=\"background-color:rgba(0, 0, 0, 0)\" class=\"has-inline-color has-headings-color\">todo tipo de controles de salud y anal\u00edticas<\/mark>, como deber\u00eda ser siempre en un macho reproductor que se valore.<\/p>\n\n\n\n<p>Algunas de las pruebas que le hacemos al perro son las siguientes:<\/p>\n\n\n\n<p><mark style=\"background-color:rgba(0, 0, 0, 0)\" class=\"has-inline-color has-accent-2-color\"><strong>ESPERMOGRAMA:<\/strong><\/mark><\/p>\n\n\n\n<p>Es una evaluaci\u00f3n de laboratorio de la muestra de semen de <a href=\"https:\/\/www.working-dog.com\/dogs-details\/7728586\/Arthur-von-der-Eichberg-Ranch\" target=\"_blank\" rel=\"noreferrer noopener\">Arthur von der Eichberg-Ranch<\/a>, para determinar su potencial reproductivo.<br>Se analiza el volumen, color y viscosidad del semen (macrosc\u00f3pico), y la concentraci\u00f3n, movilidad (cu\u00e1ntos espermatozoides se mueven y qu\u00e9 tan r\u00e1pido) y morfolog\u00eda (forma) de los espermatozoides (microsc\u00f3pico).<\/p>\n\n\n\n<p>Esta prueba ayuda a identificar posibles problemas de infertilidad y a asegurar la calidad de un semental para la reproducci\u00f3n como en el caso de <a href=\"https:\/\/www.working-dog.com\/dogs-details\/7728586\/Arthur-von-der-Eichberg-Ranch\" target=\"_blank\" rel=\"noreferrer noopener\">Arthur von der Eichberg-Ranch<\/a><\/p>\n\n\n\n<div style=\"height:30px\" aria-hidden=\"true\" class=\"wp-block-spacer\"><\/div>\n\n\n\n<figure class=\"wp-block-image size-large\"><img loading=\"lazy\" decoding=\"async\" width=\"1024\" height=\"683\" src=\"https:\/\/vomhausdanoia.es\/wp-content\/uploads\/2025\/09\/ARTHUR12-1024x683.jpg\" alt=\"\" class=\"wp-image-3925\" srcset=\"https:\/\/vomhausdanoia.es\/wp-content\/uploads\/2025\/09\/ARTHUR12-1024x683.jpg 1024w, https:\/\/vomhausdanoia.es\/wp-content\/uploads\/2025\/09\/ARTHUR12-300x200.jpg 300w, https:\/\/vomhausdanoia.es\/wp-content\/uploads\/2025\/09\/ARTHUR12-768x512.jpg 768w, https:\/\/vomhausdanoia.es\/wp-content\/uploads\/2025\/09\/ARTHUR12-1536x1024.jpg 1536w, https:\/\/vomhausdanoia.es\/wp-content\/uploads\/2025\/09\/ARTHUR12-2048x1365.jpg 2048w, https:\/\/vomhausdanoia.es\/wp-content\/uploads\/2025\/09\/ARTHUR12-281x187.jpg 281w\" sizes=\"auto, (max-width: 1024px) 100vw, 1024px\" \/><\/figure>\n\n\n\n<div style=\"height:30px\" aria-hidden=\"true\" class=\"wp-block-spacer\"><\/div>\n\n\n\n<hr class=\"wp-block-separator has-alpha-channel-opacity is-style-wide\"\/>\n\n\n\n<div style=\"height:30px\" aria-hidden=\"true\" class=\"wp-block-spacer\"><\/div>\n\n\n\n<p><strong><mark style=\"background-color:rgba(0, 0, 0, 0)\" class=\"has-inline-color has-headings-color\">ESPERMOGRAMA post-congelaci\u00f3n<\/mark><\/strong><\/p>\n\n\n\n<div style=\"height:30px\" aria-hidden=\"true\" class=\"wp-block-spacer\"><\/div>\n\n\n\n<p>El <strong><mark style=\"background-color:rgba(0, 0, 0, 0)\" class=\"has-inline-color has-headings-color\">Espermograma post-congelaci\u00f3n<\/mark><\/strong> en perros eval\u00faa la calidad del semen tras la criopreservaci\u00f3n (habitualmente a -196\u00baC en nitr\u00f3geno l\u00edquido) para asegurar su viabilidad, enfoc\u00e1ndose en la motilidad progresiva, vitalidad y morfolog\u00eda. Se recomienda realizarlo entre 20 y 30 d\u00edas despu\u00e9s de la congelaci\u00f3n. Los valores esperados suelen ser menores que en fresco (motilidad progresiva a menudo > 30 &#8211; 40%, vitalidad \u00a0>50%), y la descongelaci\u00f3n \u00f3ptima se logra com\u00fanmente a 37\u00b0C por 1 minuto.<\/p>\n\n\n\n<div style=\"height:30px\" aria-hidden=\"true\" class=\"wp-block-spacer\"><\/div>\n\n\n\n<figure class=\"wp-block-image size-full\"><img loading=\"lazy\" decoding=\"async\" width=\"723\" height=\"939\" src=\"https:\/\/vomhausdanoia.es\/wp-content\/uploads\/2026\/03\/esperm.jpg\" alt=\"\" class=\"wp-image-4302\" srcset=\"https:\/\/vomhausdanoia.es\/wp-content\/uploads\/2026\/03\/esperm.jpg 723w, https:\/\/vomhausdanoia.es\/wp-content\/uploads\/2026\/03\/esperm-231x300.jpg 231w\" sizes=\"auto, (max-width: 723px) 100vw, 723px\" \/><\/figure>\n\n\n\n<div style=\"height:30px\" aria-hidden=\"true\" class=\"wp-block-spacer\"><\/div>\n\n\n\n<p>La evaluaci\u00f3n es crucial para garantizar la capacidad fecundante antes de una inseminaci\u00f3n artificial, la cual puede tener altas tasas de \u00e9xito incluso con semen congelado hace a\u00f1os.<\/p>\n\n\n\n<div style=\"height:30px\" aria-hidden=\"true\" class=\"wp-block-spacer\"><\/div>\n\n\n\n<hr class=\"wp-block-separator has-alpha-channel-opacity\"\/>\n\n\n\n<div style=\"height:30px\" aria-hidden=\"true\" class=\"wp-block-spacer\"><\/div>\n\n\n\n<p><strong><mark style=\"background-color:rgba(0, 0, 0, 0)\" class=\"has-inline-color has-accent-2-color\">PROTEINOGRAMA:<\/mark><\/strong><\/p>\n\n\n\n<p>Es una prueba de laboratorio que analiza las fracciones de prote\u00ednas en sangre:<br>(alb\u00famina, alfa-globulinas, beta-globulinas y gamma-globulinas) para diagnosticar y monitorizar enfermedades como inflamaciones, infecciones, problemas hep\u00e1ticos o neoplasias.<br>Permite detectar desequilibrios y seguir la evoluci\u00f3n de ciertas enfermedades, incluso antes que otros an\u00e1lisis de sangre de rutina, como el recuento de gl\u00f3bulos blancos.<br>Las <mark style=\"background-color:rgba(0, 0, 0, 0)\" class=\"has-inline-color has-headings-color\">PROTE\u00cdNAS TOTALES<\/mark> est\u00e1n en los valores correctos.<\/p>\n\n\n\n<div style=\"height:30px\" aria-hidden=\"true\" class=\"wp-block-spacer\"><\/div>\n\n\n\n<figure class=\"wp-block-image size-large\"><img loading=\"lazy\" decoding=\"async\" width=\"1024\" height=\"683\" src=\"https:\/\/vomhausdanoia.es\/wp-content\/uploads\/2024\/10\/ARTHUR11-1024x683.jpg\" alt=\"\" class=\"wp-image-2959\" srcset=\"https:\/\/vomhausdanoia.es\/wp-content\/uploads\/2024\/10\/ARTHUR11-1024x683.jpg 1024w, https:\/\/vomhausdanoia.es\/wp-content\/uploads\/2024\/10\/ARTHUR11-300x200.jpg 300w, https:\/\/vomhausdanoia.es\/wp-content\/uploads\/2024\/10\/ARTHUR11-768x512.jpg 768w, https:\/\/vomhausdanoia.es\/wp-content\/uploads\/2024\/10\/ARTHUR11-1536x1024.jpg 1536w, https:\/\/vomhausdanoia.es\/wp-content\/uploads\/2024\/10\/ARTHUR11-2048x1365.jpg 2048w, https:\/\/vomhausdanoia.es\/wp-content\/uploads\/2024\/10\/ARTHUR11-281x187.jpg 281w\" sizes=\"auto, (max-width: 1024px) 100vw, 1024px\" \/><\/figure>\n\n\n\n<div style=\"height:30px\" aria-hidden=\"true\" class=\"wp-block-spacer\"><\/div>\n\n\n\n<hr class=\"wp-block-separator has-alpha-channel-opacity is-style-wide\"\/>\n\n\n\n<div style=\"height:30px\" aria-hidden=\"true\" class=\"wp-block-spacer\"><\/div>\n\n\n\n<p><strong><mark style=\"background-color:rgba(0, 0, 0, 0)\" class=\"has-inline-color has-accent-2-color\">ESPECTROFOTOMETR\u00cdA:<\/mark><\/strong><\/p>\n\n\n\n<p>La espectrofotometr\u00eda en perros se usa en diagn\u00f3stico para medir la concentraci\u00f3n de compuestos como glucosa, urea y enzimas en muestras de sangre u orina, evaluando el estado de salud.<\/p>\n\n\n\n<p>Aqu\u00ed, los \u00edndices:<br>\u00b7 <mark style=\"background-color:rgba(0, 0, 0, 0)\" class=\"has-inline-color has-headings-color\">\u00cdNDICE DE LIPEMIA<\/mark> \u00b7 resultado Negativo<br>\u00b7 <mark style=\"background-color:rgba(0, 0, 0, 0)\" class=\"has-inline-color has-headings-color\">\u00cdNDICE DE HEM\u00d3LISIS<\/mark> \u00b7 resultado Negativo<br><strong><mark style=\"background-color:rgba(0, 0, 0, 0)\" class=\"has-inline-color has-headings-color\">SEROLOGIA CANINA<\/mark><\/strong>:<br>\u00b7 Ac <mark style=\"background-color:rgba(0, 0, 0, 0)\" class=\"has-inline-color has-headings-color\">anti-LEISHMANIA CANINA<\/mark><\/p>\n\n\n\n<div style=\"height:30px\" aria-hidden=\"true\" class=\"wp-block-spacer\"><\/div>\n\n\n\n<figure class=\"wp-block-image size-large\"><img loading=\"lazy\" decoding=\"async\" width=\"1024\" height=\"683\" src=\"https:\/\/vomhausdanoia.es\/wp-content\/uploads\/2024\/10\/ARTHUR06-1-1024x683.jpg\" alt=\"\" class=\"wp-image-2966\" srcset=\"https:\/\/vomhausdanoia.es\/wp-content\/uploads\/2024\/10\/ARTHUR06-1-1024x683.jpg 1024w, https:\/\/vomhausdanoia.es\/wp-content\/uploads\/2024\/10\/ARTHUR06-1-300x200.jpg 300w, https:\/\/vomhausdanoia.es\/wp-content\/uploads\/2024\/10\/ARTHUR06-1-768x512.jpg 768w, https:\/\/vomhausdanoia.es\/wp-content\/uploads\/2024\/10\/ARTHUR06-1-1536x1024.jpg 1536w, https:\/\/vomhausdanoia.es\/wp-content\/uploads\/2024\/10\/ARTHUR06-1-2048x1365.jpg 2048w, https:\/\/vomhausdanoia.es\/wp-content\/uploads\/2024\/10\/ARTHUR06-1-281x187.jpg 281w\" sizes=\"auto, (max-width: 1024px) 100vw, 1024px\" \/><\/figure>\n\n\n\n<div style=\"height:30px\" aria-hidden=\"true\" class=\"wp-block-spacer\"><\/div>\n\n\n\n<hr class=\"wp-block-separator has-alpha-channel-opacity is-style-wide\"\/>\n\n\n\n<div style=\"height:30px\" aria-hidden=\"true\" class=\"wp-block-spacer\"><\/div>\n\n\n\n<p><strong><mark style=\"background-color:rgba(0, 0, 0, 0)\" class=\"has-inline-color has-accent-2-color\">BIOLOG\u00cdA MOLECULAR:<\/mark><\/strong><\/p>\n\n\n\n<p>El diagn\u00f3stico molecular se realiza mediante <strong><mark style=\"background-color:rgba(0, 0, 0, 0)\" class=\"has-inline-color has-headings-color\">PCR<\/mark><\/strong> y secuenciaci\u00f3n de <strong><mark style=\"background-color:rgba(0, 0, 0, 0)\" class=\"has-inline-color has-headings-color\">ADN<\/mark><\/strong>, obteniendo unos resultados satisfactorios:<br>\u00b7 <mark style=\"background-color:rgba(0, 0, 0, 0)\" class=\"has-inline-color has-headings-color\">MYCOPLASMA<\/mark> spp (DNA)<br>\u00b7 <mark style=\"background-color:rgba(0, 0, 0, 0)\" class=\"has-inline-color has-headings-color\">CHLAMYDIA<\/mark> spp (DNA)<br>\u00b7 <mark style=\"background-color:rgba(0, 0, 0, 0)\" class=\"has-inline-color has-headings-color\">HERPESVIRUS CANINO TIPO 1<\/mark> (DNA)<br>\u00b7 <mark style=\"background-color:rgba(0, 0, 0, 0)\" class=\"has-inline-color has-headings-color\">BRUCELLA<\/mark> spp (DNA)<br>Todas las pruebas se han hecho en los <mark style=\"background-color:rgba(0, 0, 0, 0)\" class=\"has-inline-color has-headings-color\">Laboratorios IDEXX<\/mark>, de referencia en veterinaria.<br>Los <mark style=\"background-color:rgba(0, 0, 0, 0)\" class=\"has-inline-color has-headings-color\">Laboratorios IDEXX<\/mark> est\u00e1n certificados siguiendo la normativa<mark style=\"background-color:rgba(0, 0, 0, 0)\" class=\"has-inline-color has-headings-color\"> ISO 9001<\/mark>. Certificado, 2015 ES108016-1<\/p>\n\n\n\n<div style=\"height:30px\" aria-hidden=\"true\" class=\"wp-block-spacer\"><\/div>\n\n\n\n<figure class=\"wp-block-image size-full\"><img loading=\"lazy\" decoding=\"async\" width=\"2560\" height=\"1521\" src=\"https:\/\/vomhausdanoia.es\/wp-content\/uploads\/2025\/09\/ARTHUR-scaled.jpg\" alt=\"\" class=\"wp-image-3926\" srcset=\"https:\/\/vomhausdanoia.es\/wp-content\/uploads\/2025\/09\/ARTHUR-scaled.jpg 2560w, https:\/\/vomhausdanoia.es\/wp-content\/uploads\/2025\/09\/ARTHUR-300x178.jpg 300w, https:\/\/vomhausdanoia.es\/wp-content\/uploads\/2025\/09\/ARTHUR-1024x608.jpg 1024w, https:\/\/vomhausdanoia.es\/wp-content\/uploads\/2025\/09\/ARTHUR-768x456.jpg 768w, https:\/\/vomhausdanoia.es\/wp-content\/uploads\/2025\/09\/ARTHUR-1536x913.jpg 1536w, https:\/\/vomhausdanoia.es\/wp-content\/uploads\/2025\/09\/ARTHUR-2048x1217.jpg 2048w, https:\/\/vomhausdanoia.es\/wp-content\/uploads\/2025\/09\/ARTHUR-281x167.jpg 281w\" sizes=\"auto, (max-width: 2560px) 100vw, 2560px\" \/><\/figure>\n\n\n\n<div style=\"height:30px\" aria-hidden=\"true\" class=\"wp-block-spacer\"><\/div>\n\n\n\n<hr class=\"wp-block-separator has-alpha-channel-opacity is-style-wide\"\/>\n\n\n\n<div style=\"height:30px\" aria-hidden=\"true\" class=\"wp-block-spacer\"><\/div>\n","protected":false},"excerpt":{"rendered":"<p>\u00bfBuscas un criador para monta de pastor alem\u00e1n de linea de trabajo en Espa\u00f1a? Ofrecemos un exclusivo servicio de montas para aquellos que buscan criar &hellip;<\/p>\n","protected":false},"author":1,"featured_media":3898,"parent":0,"menu_order":0,"comment_status":"closed","ping_status":"closed","template":"","meta":{"footnotes":""},"class_list":["post-3889","page","type-page","status-publish","has-post-thumbnail","hentry"],"_links":{"self":[{"href":"https:\/\/vomhausdanoia.es\/index.php?rest_route=\/wp\/v2\/pages\/3889","targetHints":{"allow":["GET"]}}],"collection":[{"href":"https:\/\/vomhausdanoia.es\/index.php?rest_route=\/wp\/v2\/pages"}],"about":[{"href":"https:\/\/vomhausdanoia.es\/index.php?rest_route=\/wp\/v2\/types\/page"}],"author":[{"embeddable":true,"href":"https:\/\/vomhausdanoia.es\/index.php?rest_route=\/wp\/v2\/users\/1"}],"replies":[{"embeddable":true,"href":"https:\/\/vomhausdanoia.es\/index.php?rest_route=%2Fwp%2Fv2%2Fcomments&post=3889"}],"version-history":[{"count":26,"href":"https:\/\/vomhausdanoia.es\/index.php?rest_route=\/wp\/v2\/pages\/3889\/revisions"}],"predecessor-version":[{"id":4307,"href":"https:\/\/vomhausdanoia.es\/index.php?rest_route=\/wp\/v2\/pages\/3889\/revisions\/4307"}],"wp:featuredmedia":[{"embeddable":true,"href":"https:\/\/vomhausdanoia.es\/index.php?rest_route=\/wp\/v2\/media\/3898"}],"wp:attachment":[{"href":"https:\/\/vomhausdanoia.es\/index.php?rest_route=%2Fwp%2Fv2%2Fmedia&parent=3889"}],"curies":[{"name":"wp","href":"https:\/\/api.w.org\/{rel}","templated":true}]}}